{"id":341,"date":"2022-12-09T13:20:05","date_gmt":"2022-12-09T13:20:05","guid":{"rendered":"https:\/\/crypton-ai.org\/privacy-policy\/"},"modified":"2023-02-05T15:03:18","modified_gmt":"2023-02-05T15:03:18","slug":"privacy-policy","status":"publish","type":"page","link":"https:\/\/crypton-ai.org\/de\/privacy-policy\/","title":{"rendered":"Datenschutzrichtlinie"},"content":{"rendered":"\n<div style=\"height:150px\" aria-hidden=\"true\" class=\"wp-block-spacer\"><\/div>\n\n\n\n<h1 class=\"wp-block-heading\">Datenschutzrichtlinie<\/h1>\n\n\n\n<h4 class=\"wp-block-heading\">Datenschutzrichtlinie f\u00fcr die Crypton AI-Trading-Plattform<br>Zuletzt aktualisiert: 29. September 2022<\/h4>\n\n\n\n<p><strong>Einf\u00fchrung<\/strong><\/p>\n\n\n\n<p>Bei Crypton AI &#8211; Trading-Plattform sind wir bestrebt, den Schutz und die Sicherheit der pers\u00f6nlichen Informationen unserer Benutzer zu gew\u00e4hrleisten. Diese Datenschutzrichtlinie (&#8222;Richtlinie&#8220;) legt die Prinzipien und Praktiken fest, denen wir bei der Erfassung, Verwendung, Verarbeitung und Sicherung der von oder \u00fcber unsere Benutzer im Zusammenhang mit der Nutzung unserer Plattform erhobenen Informationen folgen. Diese Richtlinie soll auch den Anforderungen der Europ\u00e4ischen Datenschutzgrundverordnung (GDPR) entsprechen. Durch den Zugriff auf die Plattform oder deren Nutzung stimmen Sie den Bedingungen dieser Richtlinie zu.<\/p>\n\n\n\n<p><strong>Informationenerfassung<\/strong><\/p>\n\n\n\n<p>Wir k\u00f6nnen personenbezogene Informationen \u00fcber Sie sammeln und verarbeiten, wenn Sie ein Konto erstellen, einen Broker buchen oder AI-Trading auf unserer Plattform aktivieren. Die von uns gesammelten personenbezogenen Informationen k\u00f6nnen unter anderem Ihren vollst\u00e4ndigen Namen, Ihre E-Mail-Adresse, Ihre Telefonnummer und finanzielle Informationen wie Ihre Bankkontodaten oder Kreditkartendetails umfassen. Zus\u00e4tzlich k\u00f6nnen wir auch Informationen zu Ihren Trades sammeln, einschlie\u00dflich des Typs der gehandelten Verm\u00f6genswerte, des gehandelten Betrags und des Datums des Handels.<\/p>\n\n\n\n<p><strong>Verwendung von Informationen<\/strong><\/p>\n\n\n\n<p>Die von uns erhobenen Informationen werden verwendet, um unsere Plattform bereitzustellen und zu verbessern, um mit Ihnen zu kommunizieren, um Zahlungen zu verarbeiten und um unsere rechtlichen Verpflichtungen zu erf\u00fcllen. Ihre finanziellen Informationen werden zur Verarbeitung von Broker- und AI-Trading-Geb\u00fchren verwendet. Wir k\u00f6nnen Ihre Kontaktinformationen verwenden, um Sie \u00fcber Ihr Konto zu informieren oder Sie \u00fcber \u00c4nderungen an unserer Plattform oder Richtlinien zu informieren.<\/p>\n\n\n\n<p><strong>Datenfreigabe<\/strong><\/p>\n\n\n\n<p>Wir verkaufen oder teilen Ihre personenbezogenen Daten nicht an Dritte, es sei denn, Sie geben ausdr\u00fccklich dazu Ihre Zustimmung oder es ist gesetzlich erforderlich, um gegen Betrug vorzugehen. Wir k\u00f6nnen Ihre Daten an unsere Dienstleister, wie beispielsweise Zahlungsabwickler, weitergeben, um Ihnen die von Ihnen angeforderten Dienstleistungen zu bieten.<\/p>\n\n\n\n<p><strong>Datensicherheit<\/strong><\/p>\n\n\n\n<p>Wir treffen angemessene und geeignete Ma\u00dfnahmen, um Ihre personenbezogenen Daten vor unbefugtem Zugriff, Missbrauch oder Offenlegung zu sch\u00fctzen. Unsere Sicherheitsma\u00dfnahmen umfassen Verschl\u00fcsselung und Firewalls. Wir haben auch Regeln und Verfahren, die sicherstellen, dass unsere Mitarbeiter und Dienstleister Ihre Daten mit h\u00f6chster Sorgfalt und gem\u00e4\u00df dieser Richtlinie und allen anwendbaren Gesetzen behandeln.<\/p>\n\n\n\n<p><strong>Datenaufbewahrung<\/strong><\/p>\n\n\n\n<p>Wir werden Ihre personenbezogenen Daten solange aufbewahren, wie Ihr Konto aktiv ist oder wie es erforderlich ist, um Ihnen die von uns angebotenen Dienstleistungen zu bieten. Wir k\u00f6nnen Ihre Daten auch aufbewahren und verwenden, wenn dies zur Erf\u00fcllung unserer rechtlichen Verpflichtungen, zur Kl\u00e4rung von Streitigkeiten und zur Durchsetzung unserer Vereinbarungen erforderlich ist.<\/p>\n\n\n\n<p><strong>Ihre Rechte<\/strong><\/p>\n\n\n\n<p>Sie haben das Recht auf Zugang, Berichtigung, L\u00f6schung oder Einschr\u00e4nkung der Verarbeitung Ihrer personenbezogenen Daten sowie das Recht, Ihre personenbezogenen Daten in einem strukturierten, g\u00e4ngigen und maschinenlesbaren Format zu erhalten. Sie haben auch das Recht, der Verarbeitung Ihrer personenbezogenen Daten zu widersprechen und eine Beschwerde bei der zust\u00e4ndigen Datenschutzbeh\u00f6rde einzureichen.<\/p>\n\n\n\n<p><strong>\u00c4nderungen dieser Richtlinie<\/strong><\/p>\n\n\n\n<p>Wir k\u00f6nnen diese Richtlinie periodisch aktualisieren, um \u00c4nderungen im Gesetz oder den besten Praxen Rechnung zu tragen. Alle \u00c4nderungen dieser Richtlinie werden auf unserer Plattform ver\u00f6ffentlicht und das Datum der letzten \u00dcberarbeitung wird angegeben. Es ist wichtig, diese Richtlinie regelm\u00e4\u00dfig auf Updates oder \u00c4nderungen zu \u00fcberpr\u00fcfen. Ihre fortgesetzte Nutzung der Plattform nach \u00c4nderungen dieser Richtlinie stellt Ihre Annahme dieser \u00c4nderungen dar. Wenn Sie mit der aktualisierten Richtlinie nicht einverstanden sind, m\u00fcssen Sie die Verwendung der Plattform einstellen. Wenn Sie Fragen oder Bedenken bez\u00fcglich dieser Richtlinie haben, kontaktieren Sie uns und wir werden gerne f\u00fcr Sie da sein.<\/p>\n","protected":false},"excerpt":{"rendered":"<p>Datenschutzrichtlinie Datenschutzrichtlinie f\u00fcr die Crypton AI-Trading-PlattformZuletzt aktualisiert: 29. September 2022 Einf\u00fchrung Bei Crypton AI &#8211; Trading-Plattform sind wir bestrebt, den Schutz und die Sicherheit der pers\u00f6nlichen<span class=\"excerpt-hellip\"> [\u2026]<\/span><\/p>\n","protected":false},"author":1,"featured_media":0,"parent":0,"menu_order":0,"comment_status":"closed","ping_status":"open","template":"","meta":{"_glsr_average":0,"_glsr_ranking":0,"_glsr_reviews":0,"footnotes":""},"class_list":["post-341","page","type-page","status-publish","hentry"],"brizy_media":[],"_links":{"self":[{"href":"https:\/\/crypton-ai.org\/de\/wp-json\/wp\/v2\/pages\/341","targetHints":{"allow":["GET"]}}],"collection":[{"href":"https:\/\/crypton-ai.org\/de\/wp-json\/wp\/v2\/pages"}],"about":[{"href":"https:\/\/crypton-ai.org\/de\/wp-json\/wp\/v2\/types\/page"}],"author":[{"embeddable":true,"href":"https:\/\/crypton-ai.org\/de\/wp-json\/wp\/v2\/users\/1"}],"replies":[{"embeddable":true,"href":"https:\/\/crypton-ai.org\/de\/wp-json\/wp\/v2\/comments?post=341"}],"version-history":[{"count":2,"href":"https:\/\/crypton-ai.org\/de\/wp-json\/wp\/v2\/pages\/341\/revisions"}],"predecessor-version":[{"id":840,"href":"https:\/\/crypton-ai.org\/de\/wp-json\/wp\/v2\/pages\/341\/revisions\/840"}],"wp:attachment":[{"href":"https:\/\/crypton-ai.org\/de\/wp-json\/wp\/v2\/media?parent=341"}],"curies":[{"name":"wp","href":"https:\/\/api.w.org\/{rel}","templated":true}]}}