{"id":337,"date":"2023-01-17T19:22:25","date_gmt":"2023-01-17T19:22:25","guid":{"rendered":"https:\/\/crypton-ai.org\/terms-of-use\/"},"modified":"2024-04-12T13:40:29","modified_gmt":"2024-04-12T13:40:29","slug":"terms-of-use","status":"publish","type":"page","link":"https:\/\/crypton-ai.org\/de\/terms-of-use\/","title":{"rendered":"Nutzungsbedingungen"},"content":{"rendered":"\r\n<div class=\"wp-block-spacer\" style=\"height: 150px;\" aria-hidden=\"true\">\u00a0<\/div>\r\n\r\n\r\n\r\n<h1 class=\"wp-block-heading\">Nutzungsbedingungen<\/h1>\r\n\r\n\r\n\r\n<h4 class=\"wp-block-heading\">Nutzungsbedingungen f\u00fcr die Crypton AI-Trading Plattform<br \/>Zuletzt aktualisiert: 29. September 2022<\/h4>\r\n\r\n\r\n\r\n<p><strong>I. Definitionen<\/strong><\/p>\r\n\r\n\r\n\r\n<p><strong>Crypton: <\/strong>Bezieht sich auf das Unternehmen, das Dienstleistungen f\u00fcr den Handel und die Austausch von digitalen Verm\u00f6genswerten anbietet.<\/p>\r\n\r\n\r\n\r\n<p><strong>Crypton Accounts:<\/strong> Bezieht sich auf die von Benutzern auf der Crypton-Plattform erstellten Einzelkonten zum Zweck des Handels von digitalen Verm\u00f6genswerten.<\/p>\r\n\r\n\r\n\r\n<p><strong>Crypton Operatoren:<\/strong> Bezieht sich auf die Individuen oder Entit\u00e4ten, die die Crypton-Plattform verwalten und betreiben.<\/p>\r\n\r\n\r\n\r\n<p><strong>Crypton Services:<\/strong> Bezieht sich auf die verschiedenen von Crypton angebotenen Dienstleistungen, einschlie\u00dflich, aber nicht beschr\u00e4nkt auf den Kauf, Verkauf und Austausch von digitalen Verm\u00f6genswerten.<\/p>\r\n\r\n\r\n\r\n<p><strong>Crypton Platform Rules: <\/strong>Bezieht sich auf die Richtlinien, Regeln und Vorschriften, die die Nutzung der Crypton-Plattform und Dienstleistungen regeln.<\/p>\r\n\r\n\r\n\r\n<p><strong>Digital Currencies: <\/strong>Bezieht sich auf virtuelle W\u00e4hrungen, die Kryptografie f\u00fcr die Sicherheit nutzen und unabh\u00e4ngig von einer Zentralbank operieren.<\/p>\r\n\r\n\r\n\r\n<p><strong>Digital Assets:<\/strong> Bezieht sich auf jeden Verm\u00f6genswert, der in digitaler Form vorliegt, einschlie\u00dflich, aber nicht beschr\u00e4nkt auf digitale W\u00e4hrungen.<\/p>\r\n\r\n\r\n\r\n<p><strong>KYC:<\/strong> Bezieht sich auf den Prozess des &#8222;Know Your Customer&#8220;, bei dem die Identit\u00e4t der Benutzer auf der Crypton-Plattform \u00fcberpr\u00fcft wird.<\/p>\r\n\r\n\r\n\r\n<p><strong>Loan\/Lending: <\/strong>Bezieht sich auf das Leihen von digitalen Verm\u00f6genswerten durch Benutzer auf der Crypton-Plattform.<\/p>\r\n\r\n\r\n\r\n<p><strong>Benutzer: <\/strong>Bezieht sich auf Individuen, die die Crypton-Plattform und Dienstleistungen nutzen.<\/p>\r\n\r\n\r\n\r\n<p><strong>II. Allgemeine Bestimmungen<\/strong><\/p>\r\n\r\n\r\n\r\n<ol class=\"wp-block-list\">\r\n<li>\u00dcber diese Bedingungen <br \/>a. Vertragliche Beziehung: Diese Nutzungsbedingungen bilden eine rechtlich bindende Vereinbarung zwischen Crypton und den Benutzern der Plattform und Dienstleistungen. <br \/>b. \u00c4nderungen an diesen Bedingungen: Crypton beh\u00e4lt sich das Recht vor, diese Nutzungsbedingungen jederzeit zu \u00e4ndern, mit oder ohne Vorank\u00fcndigung an die Benutzer.\u00a0<br \/>c. Verbot der Nutzung: Benutzern ist es untersagt, die Crypton-Plattform und Dienstleistungen f\u00fcr irgendwelche illegalen oder nicht autorisierten Zwecke zu nutzen, einschlie\u00dflich, aber nicht beschr\u00e4nkt auf Geldw\u00e4sche, Betrug und Versto\u00df gegen anwendbare Gesetze.\u00a0<\/li>\r\n\r\n\r\n\r\n<li><strong>\u00dcber Crypton <\/strong><br \/>Crypton ist eine Plattform zum Kauf, Verkauf und Austausch von digitalen Verm\u00f6genswerten. Die Registrierung von Crypton-Konten und Anforderungen\u00a0<br \/>a. Registrierung: Benutzer m\u00fcssen den Konto-Registrierungsprozess abschlie\u00dfen, um die Crypton-Dienstleistungen nutzen zu k\u00f6nnen.\u00a0<br \/>b. Berechtigung: Benutzer m\u00fcssen bestimmte Berechtigungskriterien erf\u00fcllen, um ein Crypton-Konto zu er\u00f6ffnen, einschlie\u00dflich, aber nicht beschr\u00e4nkt auf das Erreichen vollj\u00e4hrigen Alters und Besitz eines g\u00fcltigen vom Staat ausgestellten Ausweises.\u00a0<br \/>c. \u00dcberpr\u00fcfung der Benutzeridentit\u00e4t: Crypton kann Benutzern die Bereitstellung zus\u00e4tzlicher Informationen oder Dokumente zur \u00dcberpr\u00fcfung ihrer Identit\u00e4t verlangen.\u00a0<br \/>d. Anforderungen an die Konto-Nutzung: Benutzer m\u00fcssen ihre Crypton-Konten gem\u00e4\u00df diesen Nutzungsbedingungen und den Crypton-Plattform-Regeln nutzen.\u00a0<br \/>e. Kontosicherheit: Benutzer sind ausschlie\u00dflich verantwortlich f\u00fcr die Aufrechterhaltung der Sicherheit ihrer Crypton-Konten, einschlie\u00dflich, aber nicht beschr\u00e4nkt auf die Geheimhaltung ihrer Anmeldeinformationen und die Aufrechterhaltung ihrer Sicherheit.<\/li>\r\n<\/ol>\r\n\r\n\r\n\r\n<p><strong>III. Die Dienstleistungen des Brokers<\/strong><\/p>\r\n\r\n\r\n\r\n<ol class=\"wp-block-list\">\r\n<li>Umfang der Dienstleistungen\u00a0<br \/>Die Plattform ist eine digitale Plattform, die es Ihnen erm\u00f6glicht, einen Broker zu engagieren, um Ihre Verm\u00f6genswerte zu verwalten und AI-Trading zu aktivieren, wobei fortgeschrittene Algorithmen in Ihrem Namen ausgef\u00fchrt werden. Die Plattform ist benutzerfreundlich, aber es ist wichtig, die Nutzungsbedingungen zu verstehen, bevor Sie die Plattform nutzen.\u00a0<\/li>\r\n\r\n\r\n\r\n<li>Brokergeb\u00fchren <br \/>Wenn Sie einen Broker \u00fcber die Plattform engagieren, stimmen Sie zu, eine Brokergeb\u00fchr von 10% zu zahlen, die von dem verwalteten Betrag abgezogen wird. Diese Geb\u00fchr muss vor jeder Verm\u00f6gensentnahme bezahlt werden und darf nicht aus Crypton AI-Trading Platform bezogen werden. Die Brokergeb\u00fchr entsch\u00e4digt den Broker f\u00fcr seine Dienstleistungen und Expertise sowie die Kosten f\u00fcr die Wartung und Aktualisierung der Plattform. Diese Geb\u00fchr kann zus\u00e4tzlich zu anderen Auszahlungsgeb\u00fchren anfallen und soll alle damit verbundenen Kosten abdecken.\u00a0<\/li>\r\n\r\n\r\n\r\n<li>AI-Trading <br \/>\u00dcber die Plattform k\u00f6nnen Sie auch AI-Trading aktivieren, bei dem fortgeschrittene Algorithmen in Ihrem Namen ausgef\u00fchrt werden. In diesem Szenario werden die f\u00fcr das Trading mit AI verwendeten Mittel in einem Smart Contract gesperrt. Ein Smart Contract ist ein digitaler Vertrag, der automatisch ausgef\u00fchrt wird, wenn bestimmte Kriterien erf\u00fcllt sind. Dies stellt sicher, dass Trades gem\u00e4\u00df Ihren Anweisungen ausgef\u00fchrt werden und Verm\u00f6genswerte gesch\u00fctzt sind.\u00a0<\/li>\r\n\r\n\r\n\r\n<li>Smart Contract-Geb\u00fchren <br \/>Bei Schlie\u00dfung des Handels wird eine Smart Contract-Geb\u00fchr in H\u00f6he von 20% des Gesamtbetrags, der im Smart Contract f\u00fcr AI-Trading gesperrt ist, erhoben. Diese Geb\u00fchr muss bezahlt werden, bevor Sie auf den gesperrten Betrag zugreifen k\u00f6nnen, und darf nicht aus Crypton AI-Trading Platform bezogen werden. Diese Geb\u00fchr deckt die Kosten f\u00fcr die Nutzung der AI-Trading-Funktion ab, und es k\u00f6nnen weitere Geb\u00fchren im Zusammenhang mit der Verm\u00f6gensentnahme anfallen.<\/li>\r\n\r\n\r\n\r\n<li>Benutzungsrichtlinien<br \/>a. Lizenz: Der Broker gew\u00e4hrt Benutzern eine beschr\u00e4nkte, nicht ausschlie\u00dfliche und nicht \u00fcbertragbare Lizenz zur Nutzung der Broker-Dienste unter Beachtung dieser Nutzungsbedingungen und den Regeln der Broker-Plattform.\u00a0 <br \/>b. Beschr\u00e4nkung: Benutzern ist es ohne ausdr\u00fcckliche schriftliche Zustimmung des Brokers untersagt, die Broker-Dienste zu reproduzieren, zu duplizieren, zu kopieren, zu verkaufen oder f\u00fcr kommerzielle Zwecke auszunutzen.<\/li>\r\n\r\n\r\n\r\n<li>Crypton Convert Services: <br \/>Crypton bietet einen digitalen Asset-Konversionsdienst, mit dem Benutzer ein digitales Asset in ein anderes umwandeln k\u00f6nnen.\u00a0<\/li>\r\n\r\n\r\n\r\n<li>Datenschutz und Datenschutz <br \/>Crypton AI-Trading Platform erkennt die Bedeutung von Datenschutz und Datenschutz an und ist bestrebt, die personenbezogenen Informationen unserer Benutzer zu sch\u00fctzen. Unsere Datenschutzrichtlinie beschreibt die Art und Weise, wie wir personenbezogene Informationen gem\u00e4\u00df der EU-Datenschutzgrundverordnung (DSGVO) sammeln, verwenden, offenlegen und sch\u00fctzen. Durch die Nutzung der Plattform erkennen Sie die Bedingungen unserer Datenschutzrichtlinie an und stimmen ihnen zu.<\/li>\r\n<\/ol>\r\n\r\n\r\n\r\n<p><strong>IV. Haftung<\/strong><\/p>\r\n\r\n\r\n\r\n<p>Garantieausschluss: Der Broker \u00fcbernimmt keine Garantien, ausdr\u00fccklich oder stillschweigend, bez\u00fcglich der von ihm angebotenen Plattform und Dienste, einschlie\u00dflich, aber nicht beschr\u00e4nkt auf die Richtigkeit, Zuverl\u00e4ssigkeit und Vollst\u00e4ndigkeit jeglicher Informationen.<\/p>\r\n\r\n\r\n\r\n<p><strong>V. Ank\u00fcndigungen<\/strong><\/p>\r\n\r\n\r\n\r\n<p>Dieser Abschnitt beschreibt die Richtlinien und Verfahren f\u00fcr Ank\u00fcndigungen oder Aktualisierungen im Zusammenhang mit den Broker-Diensten und der Plattform. Der Broker beh\u00e4lt sich das Recht vor, Ank\u00fcndigungen oder Aktualisierungen nach eigenem Ermessen zu machen und kann sich entscheiden, Benachrichtigungen an Benutzer per E-Mail, in-App-Benachrichtigungen oder auf andere Weise zu senden.<\/p>\r\n\r\n\r\n\r\n<p><strong>VI. Beendigung des Abkommens<\/strong><\/p>\r\n\r\n\r\n\r\n<ol class=\"wp-block-list\">\r\n<li>Aussetzung von Broker-Konten: Der Broker beh\u00e4lt sich das Recht vor, ein Benutzerkonto vor\u00fcbergehend oder dauerhaft auszusetzen, wenn es diese Nutzungsbedingungen oder die Regeln der Broker-Plattform verletzt.<\/li>\r\n\r\n\r\n\r\n<li>Stornierung von Broker-Konten: Benutzer k\u00f6nnen ihre Broker-Konten jederzeit nach den von Crypton aufgef\u00fchrten Verfahren stornieren.<\/li>\r\n\r\n\r\n\r\n<li>Verbleibende Mittel nach Beendigung des Broker-Kontos: Im Falle einer Beendigung des Benutzerkontos sind die verbleibenden Mittel im Konto den Richtlinien von Crypton hinsichtlich verlassener oder unbeanlagter Verm\u00f6genswerte unterworfen.<\/li>\r\n\r\n\r\n\r\n<li>Verbleibende Mittel nach Beendigung des Broker-Kontos aufgrund von Betrug, Gesetzesversto\u00df oder Versto\u00df gegen diese Bedingungen: Im Falle einer Beendigung des Benutzerkontos aufgrund von Betrug, Gesetzesversto\u00df oder Versto\u00df gegen diese Nutzungsbedingungen beh\u00e4lt sich Crypton das Recht vor, die verbleibenden Mittel im Konto zu behalten.<\/li>\r\n\r\n\r\n\r\n<li>Inaktive Konten: Crypton kann sich entscheiden, Konten zu schlie\u00dfen oder deaktivieren, die f\u00fcr einen l\u00e4ngeren Zeitraum inaktiv sind.<\/li>\r\n<\/ol>\r\n\r\n\r\n\r\n<p><strong>VII. Einhaltung lokaler Gesetze<\/strong><\/p>\r\n\r\n\r\n\r\n<p>Benutzer m\u00fcssen bei der Nutzung der Dienste und Plattform von Crypton alle anwendbaren lokalen Gesetze und Vorschriften einhalten, einschlie\u00dflich, aber nicht beschr\u00e4nkt auf Regelungen im Zusammenhang mit digitalen W\u00e4hrungen und digitalen Verm\u00f6genswerten. Crypton kann Ma\u00dfnahmen ergreifen, um den lokalen Gesetzen und Vorschriften nachzukommen und kann gegebenenfalls ein Benutzerkonto vor\u00fcbergehend oder dauerhaft sperren, wenn sie diese Gesetze und Vorschriften verletzen.<\/p>\r\n\r\n\r\n\r\n<p><strong>VIII. Konfliktl\u00f6sung: Forum, Schiedsgerichtsbarkeit, Verzicht auf Sammelklage<\/strong><\/p>\r\n\r\n\r\n\r\n<ol class=\"wp-block-list\">\r\n<li>Benachrichtigung \u00fcber Anspr\u00fcche und Konfliktl\u00f6sungszeitraum: Benutzer m\u00fcssen schriftlich \u00fcber Anspr\u00fcche oder Konflikte innerhalb eines bestimmten Zeitraums, wie von Crypton ausgef\u00fchrt, informieren.<\/li>\r\n\r\n\r\n\r\n<li>Vereinbarung zur Schiedsgerichtsbarkeit und anwendbares Recht: Benutzer stimmen zu, Konflikte durch Schiedsgerichtsbarkeit zu l\u00f6sen und durch das von Crypton festgelegte anwendbare Recht gebunden zu sein.<\/li>\r\n\r\n\r\n\r\n<li>Verzicht auf Sammelklage: Benutzer verzichten auf ihr Recht, an Sammelklagen oder Sammelarbitrationen teilzunehmen.<\/li>\r\n\r\n\r\n\r\n<li>\u00c4nderungen: Crypton beh\u00e4lt sich das Recht vor, diese Konfliktl\u00f6sungsverfahren jederzeit zu \u00e4ndern.<\/li>\r\n\r\n\r\n\r\n<li>Unwirksamkeit: Sollte eine Bestimmung dieser Konfliktl\u00f6sungsverfahren als ung\u00fcltig erkl\u00e4rt werden, so bleiben die \u00fcbrigen Bestimmungen in vollem Umfang und Wirksamkeit bestehen.<\/li>\r\n<\/ol>\r\n\r\n\r\n\r\n<p><strong>IX. Sonstiges<\/strong><\/p>\r\n\r\n\r\n\r\n<ol class=\"wp-block-list\">\r\n<li style=\"list-style-type: none;\">\r\n<ol>\r\n<li>Unabh\u00e4ngige Parteien: Die Beziehung zwischen dem Broker und den Nutzern der Plattform und Dienstleistungen ist die einer unabh\u00e4ngigen Partei und nichts in diesen Nutzungsbedingungen soll eine Partnerschaft, ein Joint Venture oder eine Agenturbeziehung schaffen.<\/li>\r\n\r\n\r\n\r\n<li>Gesamter Vertrag: Diese Nutzungsbedingungen bilden den gesamten Vertrag zwischen dem Broker und den Nutzern der Plattform und Dienstleistungen und ersetzen alle vorherigen Vereinbarungen und Verst\u00e4ndigungen, schriftlich oder m\u00fcndlich, die sich auf die Nutzung der Dienstleistungen und der Plattform des Brokers beziehen.<\/li>\r\n\r\n\r\n\r\n<li>Auslegung und \u00dcberarbeitung: Der Broker beh\u00e4lt sich das Recht vor, diese Nutzungsbedingungen jederzeit auszulegen und zu \u00fcberarbeiten.<\/li>\r\n\r\n\r\n\r\n<li>Sprache und \u00dcbersetzungen: Die urspr\u00fcngliche Version dieser Nutzungsbedingungen ist in der englischen Sprache. \u00dcbersetzungen in andere Sprachen werden aus Bequemlichkeit bereitgestellt und sollen f\u00fcr den Broker nicht bindend sein.<\/li>\r\n\r\n\r\n\r\n<li>H\u00f6here Gewalt: Der Broker haftet nicht f\u00fcr Verz\u00f6gerungen oder Fehlfunktionen, die durch Naturkatastrophen, Krieg, Terrorismus, Streiks oder andere Ursachen verursacht werden, die au\u00dferhalb seiner angemessenen Kontrolle liegen.<\/li>\r\n\r\n\r\n\r\n<li>Wenn irgendeine Bestimmung dieser Nutzungsbedingungen als ung\u00fcltig erachtet wird, bleiben die \u00fcbrigen Bestimmungen in vollem Umfang in Kraft und Wirkung.<\/li>\r\n\r\n\r\n\r\n<li>Zuweisung: Der Broker hat das Recht, diese Nutzungsbedingungen ganz oder teilweise an eine Dritte Partei ohne Mitteilung an die Benutzer zu \u00fcbertragen. Benutzer d\u00fcrfen diese Nutzungsbedingungen ohne vorherige schriftliche Zustimmung des Brokers nicht \u00fcbertragen.<\/li>\r\n\r\n\r\n\r\n<li>Verzicht: Das Fehlen einer Durchsetzung durch den Broker irgendeines Rechts oder einer Bestimmung dieser Nutzungsbedingungen soll keinen Verzicht auf dieses Recht oder diese Bestimmung darstellen, es sei denn, es wird von uns schriftlich anerkannt und zugestimmt.<\/li>\r\n\r\n\r\n\r\n<li>Hinweis zu Websites Dritter: Der Broker kann Verbindungen zu Websites oder Ressourcen Dritter bereitstellen. Diese Verbindungen werden ausschlie\u00dflich zur Bequemlichkeit bereitgestellt und der Broker ist nicht f\u00fcr die Verf\u00fcgbarkeit oder Genauigkeit von Inhalten, Produkten oder Dienstleistungen auf diesen Websites verantwortlich. Die Benutzer erkennen die alleinige Verantwortung und tragen das Risiko f\u00fcr ihre Nutzung solcher Websites.<\/li>\r\n\r\n\r\n<\/ol>\r\n<\/li>\r\n<\/ol>\r\n<ol>\r\n<li>Angelegenheiten im Zusammenhang mit Apple Inc.: Wenn die Dienste \u00fcber ein Ger\u00e4t von Apple Inc. (&#8222;Apple&#8220;) zug\u00e4nglich gemacht werden, erkennen die Benutzer an und stimmen zu, dass Apple keine Verpflichtung hat, Wartungs- oder Supportservices f\u00fcr die Dienste bereitzustellen.<\/li>\r\n\r\n\r\n\r\n<li>Kontaktinformationen: Die Benutzer k\u00f6nnen den Broker bez\u00fcglich dieser Nutzungsbedingungen unter\u00a0<a href=\"mailto:legal@crypton-ai.org\" target=\"_blank\" rel=\"noreferrer noopener\">legal@crypton-ai.org<\/a>\u00a0kontaktieren.<\/li>\r\n<\/ol>\r\n","protected":false},"excerpt":{"rendered":"<p>Nutzungsbedingungen Nutzungsbedingungen f\u00fcr die Crypton AI-Trading PlattformZuletzt aktualisiert: 29. September 2022 I. Definitionen Crypton: Bezieht sich auf das Unternehmen, das Dienstleistungen f\u00fcr den Handel und die<span class=\"excerpt-hellip\"> [\u2026]<\/span><\/p>\n","protected":false},"author":1,"featured_media":0,"parent":0,"menu_order":0,"comment_status":"closed","ping_status":"closed","template":"","meta":{"_glsr_average":0,"_glsr_ranking":0,"_glsr_reviews":0,"footnotes":""},"class_list":["post-337","page","type-page","status-publish","hentry"],"brizy_media":[],"_links":{"self":[{"href":"https:\/\/crypton-ai.org\/de\/wp-json\/wp\/v2\/pages\/337","targetHints":{"allow":["GET"]}}],"collection":[{"href":"https:\/\/crypton-ai.org\/de\/wp-json\/wp\/v2\/pages"}],"about":[{"href":"https:\/\/crypton-ai.org\/de\/wp-json\/wp\/v2\/types\/page"}],"author":[{"embeddable":true,"href":"https:\/\/crypton-ai.org\/de\/wp-json\/wp\/v2\/users\/1"}],"replies":[{"embeddable":true,"href":"https:\/\/crypton-ai.org\/de\/wp-json\/wp\/v2\/comments?post=337"}],"version-history":[{"count":4,"href":"https:\/\/crypton-ai.org\/de\/wp-json\/wp\/v2\/pages\/337\/revisions"}],"predecessor-version":[{"id":1004,"href":"https:\/\/crypton-ai.org\/de\/wp-json\/wp\/v2\/pages\/337\/revisions\/1004"}],"wp:attachment":[{"href":"https:\/\/crypton-ai.org\/de\/wp-json\/wp\/v2\/media?parent=337"}],"curies":[{"name":"wp","href":"https:\/\/api.w.org\/{rel}","templated":true}]}}